{"id":12,"date":"2025-09-05T15:25:33","date_gmt":"2025-09-05T13:25:33","guid":{"rendered":"https:\/\/www.crgs.ch\/cms\/?page_id=12"},"modified":"2026-03-24T14:06:01","modified_gmt":"2026-03-24T13:06:01","slug":"home","status":"publish","type":"page","link":"https:\/\/www.crgs.ch\/cms\/","title":{"rendered":"Home"},"content":{"rendered":"\t\t<div data-elementor-type=\"wp-page\" data-elementor-id=\"12\" class=\"elementor elementor-12\">\n\t\t\t\t<div class=\"elementor-element elementor-element-7e2bf8c e-con-full e-flex e-con e-parent\" data-id=\"7e2bf8c\" data-element_type=\"container\">\n\t\t<div class=\"elementor-element elementor-element-26de5a8 e-con-full e-flex e-con e-child\" data-id=\"26de5a8\" data-element_type=\"container\">\n\t\t\t\t<div class=\"elementor-element elementor-element-bb4e0f5 elementor-widget elementor-widget-spacer\" data-id=\"bb4e0f5\" data-element_type=\"widget\" data-widget_type=\"spacer.default\">\n\t\t\t\t\t\t\t<div class=\"elementor-spacer\">\n\t\t\t<div class=\"elementor-spacer-inner\"><\/div>\n\t\t<\/div>\n\t\t\t\t\t\t<\/div>\n\t\t\t\t<div class=\"elementor-element elementor-element-593d590 elementor-widget elementor-widget-shortcode\" data-id=\"593d590\" data-element_type=\"widget\" data-widget_type=\"shortcode.default\">\n\t\t\t\t\t\t\t<div class=\"elementor-shortcode\">  <\/div>\n\t\t\t\t\t\t<\/div>\n\t\t<div class=\"elementor-element elementor-element-6357ca9 e-flex e-con-boxed e-con e-child\" data-id=\"6357ca9\" data-element_type=\"container\">\n\t\t\t\t\t<div class=\"e-con-inner\">\n\t\t\t\t<div class=\"elementor-element elementor-element-6e09a87 elementor-widget elementor-widget-heading\" data-id=\"6e09a87\" data-element_type=\"widget\" data-widget_type=\"heading.default\">\n\t\t\t\t\t<h2 class=\"elementor-heading-title elementor-size-default\">Die Leidenschaft f\u00fcr Radio, Fernsehger\u00e4te und Grammophone verbindet uns\u2026<\/h2>\t\t\t\t<\/div>\n\t\t\t\t<div class=\"elementor-element elementor-element-c9a3990 elementor-widget elementor-widget-text-editor\" data-id=\"c9a3990\" data-element_type=\"widget\" data-widget_type=\"text-editor.default\">\n\t\t\t\t\t\t\t\t\t<p>Der CRGS f\u00f6rdern die Sammelt\u00e4tigkeit und den Austausch zwischen den rund 350 Mitgliedern.<\/p>\t\t\t\t\t\t\t\t<\/div>\n\t\t\t\t<div class=\"elementor-element elementor-element-7c04276 elementor-widget elementor-widget-text-editor\" data-id=\"7c04276\" data-element_type=\"widget\" data-widget_type=\"text-editor.default\">\n\t\t\t\t\t\t\t\t\t<div class=\"av-special-heading av-special-heading-h3 blockquote modern-quote avia-builder-el-5 el_before_av_textblock avia-builder-el-first \"><h3 class=\"av-special-heading-tag \">Unsere Aktivit\u00e4ten<\/h3><\/div><section class=\"av_textblock_section \"><div class=\"avia_textblock \"><ul><li style=\"list-style-type: none;\"><ul><li>Regelm\u00e4ssige Mitgliedertreffen<\/li><li>Organisation von Sammler- und Fach-Flohm\u00e4rkte<\/li><li>Betrieb online Forum und Marktplatz<\/li><li>Gemeinsame Besichtigungen fachtechnischer Anlagen, Ausstellungen und Sammlungen<\/li><li>4 x j\u00e4hrlich Herausgabe der Fachzeitschrift HISTEC-Journal<\/li><li>Kopier- und Suchdienst f\u00fcr<\/li><li>Vermittlung von Ersatzteilen, Schemas, Sonderdrucken (Reprints) und Fachliteratur<\/li><li>Reparaturdienste und technische Unterst\u00fctzung<\/li><li>Vermittlung von Sammelgut und Ersatzteilen<\/li><li>Kontakt mit gleichartigen Organisationen im In- und Ausland<\/li><\/ul><\/li><\/ul><h6>\u00a0 \u00a0<\/h6><h6>\u00a0 \u00a0 \u00a0 \u00a0 \u00a0 \u00a0 \u00a0 \u00a0 \u00a0Neu- und Jungmitglieder werden tatkr\u00e4ftig unterst\u00fctzt.<\/h6><\/div><\/section>\t\t\t\t\t\t\t\t<\/div>\n\t\t<div class=\"elementor-element elementor-element-3e35f13 e-con-full e-flex e-con e-child\" data-id=\"3e35f13\" data-element_type=\"container\">\n\t\t<div class=\"elementor-element elementor-element-390cf49 e-con-full e-flex e-con e-child\" data-id=\"390cf49\" data-element_type=\"container\">\n\t\t\t\t<div class=\"elementor-element elementor-element-0ef0a6d elementor-widget elementor-widget-text-editor\" data-id=\"0ef0a6d\" data-element_type=\"widget\" data-widget_type=\"text-editor.default\">\n\t\t\t\t\t\t\t\t\t<h2>\u00a0<\/h2><h2>\u00a0<\/h2><h2 style=\"text-align: center;\"><span style=\"text-decoration: underline;\"><strong>EINLADUNG zur 33 GENERALVERSAMMLUNG<\/strong><\/span><\/h2>\t\t\t\t\t\t\t\t<\/div>\n\t\t\t\t<\/div>\n\t\t<div class=\"elementor-element elementor-element-9d853f6 e-con-full e-flex e-con e-child\" data-id=\"9d853f6\" data-element_type=\"container\">\n\t\t\t\t<div class=\"elementor-element elementor-element-a22d56b elementor-widget elementor-widget-text-editor\" data-id=\"a22d56b\" data-element_type=\"widget\" data-widget_type=\"text-editor.default\">\n\t\t\t\t\t\t\t\t\t<h5>\u00a0<\/h5><h5>\u00a0<\/h5><h5 style=\"text-align: left;\">WANN:\u00a0 Samstag 11 April 2026<\/h5><p style=\"text-align: left;\">WO:\u00a0 ENTER Technikwelt\u00a0 \u00a0 \u00a0 \u00a0 \u00a0 \u00a0 \u00a0 \u00a0 \u00a0 \u00a0 \u00a0 \u00a0 \u00a0 \u00a0 \u00a0 \u00a0 \u00a0 \u00a0 \u00a0\u00a0Gewerbestrasse4,\u00a0 \u00a0 \u00a0 \u00a0 \u00a0 \u00a0 \u00a0 \u00a0 \u00a0 \u00a0 \u00a0 \u00a0 \u00a0 \u00a0 \u00a0 \u00a0 \u00a0 \u00a0 \u00a0 4552 Derendingen<\/p><p style=\"text-align: left;\">ZEIT: 13:30 bis ca. 15:00 Uhr<\/p>\t\t\t\t\t\t\t\t<\/div>\n\t\t\t\t<\/div>\n\t\t\t\t<\/div>\n\t\t\t\t\t<\/div>\n\t\t\t\t<\/div>\n\t\t\t\t<div class=\"elementor-element elementor-element-a9b5120 elementor-widget elementor-widget-spacer\" data-id=\"a9b5120\" data-element_type=\"widget\" data-widget_type=\"spacer.default\">\n\t\t\t\t\t\t\t<div class=\"elementor-spacer\">\n\t\t\t<div class=\"elementor-spacer-inner\"><\/div>\n\t\t<\/div>\n\t\t\t\t\t\t<\/div>\n\t\t\t\t<\/div>\n\t\t\t\t<\/div>\n\t\t<div class=\"elementor-element elementor-element-13ecd6e e-grid e-con-boxed e-con e-parent\" data-id=\"13ecd6e\" data-element_type=\"container\">\n\t\t\t\t\t<div class=\"e-con-inner\">\n\t\t\t\t<div class=\"elementor-element elementor-element-84e2435 elementor-widget elementor-widget-text-editor\" data-id=\"84e2435\" data-element_type=\"widget\" data-widget_type=\"text-editor.default\">\n\t\t\t\t\t\t\t\t\t<h3 style=\"text-align: center;\">Achtung f\u00fcr Doppel Mitglieder\u00a0 \/ CRGS &amp; ENTER<\/h3><p>ENTER Technikwelt hat am gleichen Tag die Generalversammlung, nur mit Anmeldung!\u00a0<\/p><p>info@enter.ch<\/p>\t\t\t\t\t\t\t\t<\/div>\n\t\t\t\t\t<\/div>\n\t\t\t\t<\/div>\n\t\t<div class=\"elementor-element elementor-element-1cb8cb1 e-flex e-con-boxed e-con e-parent\" data-id=\"1cb8cb1\" data-element_type=\"container\">\n\t\t\t\t\t<div class=\"e-con-inner\">\n\t\t\t\t\t<\/div>\n\t\t\t\t<\/div>\n\t\t\t\t<\/div>\n\t\t","protected":false},"excerpt":{"rendered":"<p>Die Leidenschaft f\u00fcr Radio, Fernsehger\u00e4te und Grammophone verbindet uns\u2026 Der CRGS f\u00f6rdern die Sammelt\u00e4tigkeit und den Austausch zwischen den rund 350 Mitgliedern. Unsere Aktivit\u00e4ten Regelm\u00e4ssige Mitgliedertreffen Organisation von Sammler- und Fach-Flohm\u00e4rkte Betrieb online Forum und Marktplatz Gemeinsame Besichtigungen fachtechnischer Anlagen, Ausstellungen und Sammlungen 4 x j\u00e4hrlich Herausgabe der Fachzeitschrift HISTEC-Journal Kopier- und Suchdienst f\u00fcr Vermittlung&hellip;&nbsp;<a href=\"https:\/\/www.crgs.ch\/cms\/\" rel=\"bookmark\"><span class=\"screen-reader-text\">Home<\/span><\/a><\/p>\n","protected":false},"author":1,"featured_media":0,"parent":0,"menu_order":0,"comment_status":"closed","ping_status":"closed","template":"page-templates\/template-pagebuilder-full-width.php","meta":{"neve_meta_sidebar":"","neve_meta_container":"","neve_meta_enable_content_width":"","neve_meta_content_width":0,"neve_meta_title_alignment":"","neve_meta_author_avatar":"","neve_post_elements_order":"","neve_meta_disable_header":"","neve_meta_disable_footer":"","neve_meta_disable_title":"","footnotes":""},"class_list":["post-12","page","type-page","status-publish","hentry"],"_links":{"self":[{"href":"https:\/\/www.crgs.ch\/cms\/wp-json\/wp\/v2\/pages\/12","targetHints":{"allow":["GET"]}}],"collection":[{"href":"https:\/\/www.crgs.ch\/cms\/wp-json\/wp\/v2\/pages"}],"about":[{"href":"https:\/\/www.crgs.ch\/cms\/wp-json\/wp\/v2\/types\/page"}],"author":[{"embeddable":true,"href":"https:\/\/www.crgs.ch\/cms\/wp-json\/wp\/v2\/users\/1"}],"replies":[{"embeddable":true,"href":"https:\/\/www.crgs.ch\/cms\/wp-json\/wp\/v2\/comments?post=12"}],"version-history":[{"count":73,"href":"https:\/\/www.crgs.ch\/cms\/wp-json\/wp\/v2\/pages\/12\/revisions"}],"predecessor-version":[{"id":218,"href":"https:\/\/www.crgs.ch\/cms\/wp-json\/wp\/v2\/pages\/12\/revisions\/218"}],"wp:attachment":[{"href":"https:\/\/www.crgs.ch\/cms\/wp-json\/wp\/v2\/media?parent=12"}],"curies":[{"name":"wp","href":"https:\/\/api.w.org\/{rel}","templated":true}]}}