{"id":34,"date":"2025-09-05T15:50:05","date_gmt":"2025-09-05T13:50:05","guid":{"rendered":"https:\/\/www.crgs.ch\/cms\/?page_id=34"},"modified":"2025-10-14T10:46:49","modified_gmt":"2025-10-14T08:46:49","slug":"ueber-uns","status":"publish","type":"page","link":"https:\/\/www.crgs.ch\/cms\/ueber-uns\/","title":{"rendered":"\u00dcber uns"},"content":{"rendered":"\t\t<div data-elementor-type=\"wp-page\" data-elementor-id=\"34\" class=\"elementor elementor-34\">\n\t\t\t\t<div class=\"elementor-element elementor-element-7e2bf8c e-con-full e-flex e-con e-parent\" data-id=\"7e2bf8c\" data-element_type=\"container\">\n\t\t<div class=\"elementor-element elementor-element-26de5a8 e-con-full e-flex e-con e-child\" data-id=\"26de5a8\" data-element_type=\"container\">\n\t\t\t\t<div class=\"elementor-element elementor-element-593d590 elementor-widget elementor-widget-shortcode\" data-id=\"593d590\" data-element_type=\"widget\" data-widget_type=\"shortcode.default\">\n\t\t\t\t\t\t\t<div class=\"elementor-shortcode\">  <\/div>\n\t\t\t\t\t\t<\/div>\n\t\t\t\t<div class=\"elementor-element elementor-element-bb4e0f5 elementor-widget elementor-widget-spacer\" data-id=\"bb4e0f5\" data-element_type=\"widget\" data-widget_type=\"spacer.default\">\n\t\t\t\t\t\t\t<div class=\"elementor-spacer\">\n\t\t\t<div class=\"elementor-spacer-inner\"><\/div>\n\t\t<\/div>\n\t\t\t\t\t\t<\/div>\n\t\t<div class=\"elementor-element elementor-element-6357ca9 e-flex e-con-boxed e-con e-child\" data-id=\"6357ca9\" data-element_type=\"container\">\n\t\t\t\t\t<div class=\"e-con-inner\">\n\t\t\t\t<div class=\"elementor-element elementor-element-6e09a87 elementor-widget elementor-widget-heading\" data-id=\"6e09a87\" data-element_type=\"widget\" data-widget_type=\"heading.default\">\n\t\t\t\t\t<h2 class=\"elementor-heading-title elementor-size-default\">Zusammenschluss von Sammlern und Liebhabern<\/h2>\t\t\t\t<\/div>\n\t\t\t\t<div class=\"elementor-element elementor-element-c9a3990 elementor-widget elementor-widget-text-editor\" data-id=\"c9a3990\" data-element_type=\"widget\" data-widget_type=\"text-editor.default\">\n\t\t\t\t\t\t\t\t\t<p>Der CRGS ist ein Zusammenschluss von Sammlern und Liebhabern von Sende-, Empfangs- und Wiedergabeanlagen der Radio-, Fernseh- und Grammotechnik, sowie verwandter Gebiete, aus allen Zeitperioden.<\/p>\t\t\t\t\t\t\t\t<\/div>\n\t\t\t\t<div class=\"elementor-element elementor-element-7c04276 elementor-widget elementor-widget-text-editor\" data-id=\"7c04276\" data-element_type=\"widget\" data-widget_type=\"text-editor.default\">\n\t\t\t\t\t\t\t\t\t<div class=\"av-special-heading av-special-heading-h3 blockquote modern-quote avia-builder-el-5 el_before_av_textblock avia-builder-el-first \"><h3 class=\"av-special-heading-tag \"><strong>Unsere Sammelinteressen<\/strong><\/h3><\/div><section class=\"av_textblock_section \"><div class=\"avia_textblock \"><ul><li style=\"list-style-type: none;\"><ul><li>R\u00f6hrenradios, von den Anf\u00e4ngen bis in die 80er Jahre<\/li><li>Transistorradios<\/li><li>Phonographen, Grammophone, moderne Abspielanlagen<\/li><li>Tonbandger\u00e4te, Drahttonger\u00e4te usw.<\/li><li>Audioverst\u00e4rker\u00a0 \/ HIFI \/ High End<\/li><li>Audio Lautsprecher High End<\/li><li>Fernsehapparate Alte &amp; Neue<\/li><li>Amateurfunkger\u00e4te, Milit\u00e4rfunkger\u00e4te<\/li><li>Professionelle Kurzwellenempf\u00e4nger<\/li><li>Professionelle Beschallungsanlagen<\/li><li>Elektronenr\u00f6hren, Sender\u00f6hren, Empf\u00e4ngerr\u00f6hren, Spezialr\u00f6hren<\/li><li>Elektronische Messger\u00e4te, elektromechanische Messger\u00e4te<\/li><li>Professionelle Kurzwellenempf\u00e4nger \/ LW \/ MW \/ UKW<\/li><li>Professionelle Tonanlagen, Musikanlagen<\/li><li>Professionelle Lichtanlagen, DMX, Dali \u2026.<\/li><li>Fachliteratur aller Art<\/li><li>Telefon \/ Telex \/ ISDN \/ DSL<\/li><\/ul><\/li><\/ul><\/div><\/section>\t\t\t\t\t\t\t\t<\/div>\n\t\t\t\t\t<\/div>\n\t\t\t\t<\/div>\n\t\t\t\t<div class=\"elementor-element elementor-element-a9b5120 elementor-widget elementor-widget-spacer\" data-id=\"a9b5120\" data-element_type=\"widget\" data-widget_type=\"spacer.default\">\n\t\t\t\t\t\t\t<div class=\"elementor-spacer\">\n\t\t\t<div class=\"elementor-spacer-inner\"><\/div>\n\t\t<\/div>\n\t\t\t\t\t\t<\/div>\n\t\t\t\t<\/div>\n\t\t\t\t<\/div>\n\t\t\t\t<\/div>\n\t\t","protected":false},"excerpt":{"rendered":"<p>Zusammenschluss von Sammlern und Liebhabern Der CRGS ist ein Zusammenschluss von Sammlern und Liebhabern von Sende-, Empfangs- und Wiedergabeanlagen der Radio-, Fernseh- und Grammotechnik, sowie verwandter Gebiete, aus allen Zeitperioden. Unsere Sammelinteressen R\u00f6hrenradios, von den Anf\u00e4ngen bis in die 80er Jahre Transistorradios Phonographen, Grammophone, moderne Abspielanlagen Tonbandger\u00e4te, Drahttonger\u00e4te usw. Audioverst\u00e4rker\u00a0 \/ HIFI \/ High End&hellip;&nbsp;<a href=\"https:\/\/www.crgs.ch\/cms\/ueber-uns\/\" rel=\"bookmark\"><span class=\"screen-reader-text\">\u00dcber uns<\/span><\/a><\/p>\n","protected":false},"author":1,"featured_media":0,"parent":0,"menu_order":0,"comment_status":"closed","ping_status":"closed","template":"page-templates\/template-pagebuilder-full-width.php","meta":{"neve_meta_sidebar":"","neve_meta_container":"","neve_meta_enable_content_width":"","neve_meta_content_width":0,"neve_meta_title_alignment":"","neve_meta_author_avatar":"","neve_post_elements_order":"","neve_meta_disable_header":"","neve_meta_disable_footer":"","neve_meta_disable_title":"","footnotes":""},"class_list":["post-34","page","type-page","status-publish","hentry"],"_links":{"self":[{"href":"https:\/\/www.crgs.ch\/cms\/wp-json\/wp\/v2\/pages\/34","targetHints":{"allow":["GET"]}}],"collection":[{"href":"https:\/\/www.crgs.ch\/cms\/wp-json\/wp\/v2\/pages"}],"about":[{"href":"https:\/\/www.crgs.ch\/cms\/wp-json\/wp\/v2\/types\/page"}],"author":[{"embeddable":true,"href":"https:\/\/www.crgs.ch\/cms\/wp-json\/wp\/v2\/users\/1"}],"replies":[{"embeddable":true,"href":"https:\/\/www.crgs.ch\/cms\/wp-json\/wp\/v2\/comments?post=34"}],"version-history":[{"count":7,"href":"https:\/\/www.crgs.ch\/cms\/wp-json\/wp\/v2\/pages\/34\/revisions"}],"predecessor-version":[{"id":175,"href":"https:\/\/www.crgs.ch\/cms\/wp-json\/wp\/v2\/pages\/34\/revisions\/175"}],"wp:attachment":[{"href":"https:\/\/www.crgs.ch\/cms\/wp-json\/wp\/v2\/media?parent=34"}],"curies":[{"name":"wp","href":"https:\/\/api.w.org\/{rel}","templated":true}]}}