{"id":41,"date":"2025-09-08T10:08:18","date_gmt":"2025-09-08T08:08:18","guid":{"rendered":"https:\/\/www.crgs.ch\/cms\/?page_id=41"},"modified":"2025-09-08T11:09:52","modified_gmt":"2025-09-08T09:09:52","slug":"mitglied-werden","status":"publish","type":"page","link":"https:\/\/www.crgs.ch\/cms\/mitglied-werden\/","title":{"rendered":"Mitglied Werden"},"content":{"rendered":"\t\t<div data-elementor-type=\"wp-page\" data-elementor-id=\"41\" class=\"elementor elementor-41\">\n\t\t\t\t<div class=\"elementor-element elementor-element-7e2bf8c e-con-full e-flex e-con e-parent\" data-id=\"7e2bf8c\" data-element_type=\"container\">\n\t\t<div class=\"elementor-element elementor-element-26de5a8 e-con-full e-flex e-con e-child\" data-id=\"26de5a8\" data-element_type=\"container\">\n\t\t\t\t<div class=\"elementor-element elementor-element-593d590 elementor-widget elementor-widget-shortcode\" data-id=\"593d590\" data-element_type=\"widget\" data-widget_type=\"shortcode.default\">\n\t\t\t\t\t\t\t<div class=\"elementor-shortcode\">  <\/div>\n\t\t\t\t\t\t<\/div>\n\t\t\t\t<div class=\"elementor-element elementor-element-bb4e0f5 elementor-widget elementor-widget-spacer\" data-id=\"bb4e0f5\" data-element_type=\"widget\" data-widget_type=\"spacer.default\">\n\t\t\t\t\t\t\t<div class=\"elementor-spacer\">\n\t\t\t<div class=\"elementor-spacer-inner\"><\/div>\n\t\t<\/div>\n\t\t\t\t\t\t<\/div>\n\t\t<div class=\"elementor-element elementor-element-6357ca9 e-flex e-con-boxed e-con e-child\" data-id=\"6357ca9\" data-element_type=\"container\">\n\t\t\t\t\t<div class=\"e-con-inner\">\n\t\t\t\t<div class=\"elementor-element elementor-element-6e09a87 elementor-widget elementor-widget-heading\" data-id=\"6e09a87\" data-element_type=\"widget\" data-widget_type=\"heading.default\">\n\t\t\t\t\t<h2 class=\"elementor-heading-title elementor-size-default\">Werden Sie Teil des CRGS<\/h2>\t\t\t\t<\/div>\n\t\t\t\t<div class=\"elementor-element elementor-element-7c04276 elementor-widget elementor-widget-text-editor\" data-id=\"7c04276\" data-element_type=\"widget\" data-widget_type=\"text-editor.default\">\n\t\t\t\t\t\t\t\t\t<section class=\"av_textblock_section \"><div class=\"avia_textblock  \"><p>Als Mitglied profitieren Sie von den folgenden Vorteilen:<\/p><ul><li style=\"list-style-type: none;\"><ul><li>Kontakt und Austausch mit Gleichgesinnten (Junge, Mittel-\u00c4ltere und \u00c4ltere)<\/li><li>Einladung zu Ausfl\u00fcgen und Veranstaltungen<\/li><li>4 x J\u00e4hrlich Fachzeitschrift HISTEC-Journal<\/li><li>Vermittlung von Sammelgut, Ersatzteilen, Schemas, Sonderdrucke (Reprints) und Fachliteratur<\/li><li>Reparaturdienste und technische Unterst\u00fctzung (Junge, Mittel-\u00c4ltere und \u00c4ltere)<br \/><br \/><\/li><\/ul><\/li><\/ul><p>Jahres Mitgliederbeitrag: <strong>CHF 50.00<\/strong><\/p><\/div><\/section>\t\t\t\t\t\t\t\t<\/div>\n\t\t<div class=\"elementor-element elementor-element-11231ef e-con-full e-flex e-con e-child\" data-id=\"11231ef\" data-element_type=\"container\">\n\t\t<div class=\"elementor-element elementor-element-928b2a2 e-con-full e-flex e-con e-child\" data-id=\"928b2a2\" data-element_type=\"container\">\n\t\t\t\t<div class=\"elementor-element elementor-element-0a1363a elementor-widget elementor-widget-shortcode\" data-id=\"0a1363a\" data-element_type=\"widget\" data-widget_type=\"shortcode.default\">\n\t\t\t\t\t\t\t<div class=\"elementor-shortcode\">\n<div class=\"wpcf7 no-js\" id=\"wpcf7-f5-o1\" lang=\"de-CH\" dir=\"ltr\" data-wpcf7-id=\"5\">\n<div class=\"screen-reader-response\"><p role=\"status\" aria-live=\"polite\" aria-atomic=\"true\"><\/p> <ul><\/ul><\/div>\n<form action=\"\/cms\/wp-json\/wp\/v2\/pages\/41#wpcf7-f5-o1\" method=\"post\" class=\"wpcf7-form init\" aria-label=\"Contact form\" novalidate=\"novalidate\" data-status=\"init\">\n<fieldset class=\"hidden-fields-container\"><input type=\"hidden\" name=\"_wpcf7\" value=\"5\" \/><input type=\"hidden\" name=\"_wpcf7_version\" value=\"6.1.2\" \/><input type=\"hidden\" name=\"_wpcf7_locale\" value=\"de_CH\" \/><input type=\"hidden\" name=\"_wpcf7_unit_tag\" value=\"wpcf7-f5-o1\" \/><input type=\"hidden\" name=\"_wpcf7_container_post\" value=\"0\" \/><input type=\"hidden\" name=\"_wpcf7_posted_data_hash\" value=\"\" \/>\n<\/fieldset>\n<style>\n\/* ===== Grundlayout (Grid) ===== *\/\n.cf7-grid { display: grid; gap: 5px; }\n.cf7-grid .two-col { display: grid; grid-template-columns: 1fr 1fr; gap: 5px; }\n.cf7-grid label { display: block; }\n.cf7-grid input, .cf7-grid select, .cf7-grid textarea {\n width: 100%; box-sizing: border-box; padding: 6px;\n}\n@media (max-width: 720px){ .cf7-grid .two-col { grid-template-columns: 1fr; } }\n\n\/* ===== Optionen: robustes Layout gegen Elementor\/Theme-Styles ===== *\/\n.cf7-options .wpcf7-form-control.wpcf7-checkbox {\n display: block !important;\n column-count: initial !important; \/* evtl. Mehrspalten ausschalten *\/\n}\n\n.cf7-options .wpcf7-list-item {\n display: block !important; \/* jede Option = eigene Zeile *\/\n width: 100% !important;\n float: none !important; \/* Floats killen *\/\n margin: 8px 0 !important;\n text-align: left !important;\n}\n\n\/* Input + Text als 2 Spalten nebeneinander *\/\n.cf7-options .wpcf7-list-item > label {\n display: inline-grid !important;\n grid-template-columns: auto 1fr !important; \/* K\u00e4stchen | Text *\/\n align-items: start !important;\n column-gap: 8px !important;\n}\n\n.cf7-options .wpcf7-list-item input[type=\"checkbox\"]{\n margin: 0 !important;\n align-self: start !important;\n}\n\n.cf7-options .wpcf7-list-item .wpcf7-list-item-label{\n display: block !important;\n width: auto !important; \/* keine 50%-Breite *\/\n white-space: normal !important; \/* langer Text bricht sauber *\/\n}\n\n\/* Extra-Spezifit\u00e4t f\u00fcr Elementor *\/\n.elementor .wpcf7 .cf7-options .wpcf7-list-item,\n.elementor .wpcf7 .cf7-options .wpcf7-list-item > label,\n.elementor .wpcf7 .cf7-options .wpcf7-list-item .wpcf7-list-item-label{\n width: auto !important;\n float: none !important;\n text-align: left !important;\n}\n<\/style>\n<h2>Mitgliedschaft beantragen\n<\/h2>\n<div class=\"cf7-grid\">\n <!-- Name + Vorname -->\n\t<div class=\"two-col\">\n\t\t<p><label> Name *<br \/>\n<span class=\"wpcf7-form-control-wrap\" data-name=\"nachname\"><input size=\"40\" maxlength=\"400\" class=\"wpcf7-form-control wpcf7-text wpcf7-validates-as-required\" aria-required=\"true\" aria-invalid=\"false\" placeholder=\"Nachname\" value=\"\" type=\"text\" name=\"nachname\" \/><\/span><br \/>\n<\/label><br \/>\n<label> Vorname *<br \/>\n<span class=\"wpcf7-form-control-wrap\" data-name=\"vorname\"><input size=\"40\" maxlength=\"400\" class=\"wpcf7-form-control wpcf7-text wpcf7-validates-as-required\" aria-required=\"true\" aria-invalid=\"false\" placeholder=\"Vorname\" value=\"\" type=\"text\" name=\"vorname\" \/><\/span><br \/>\n<\/label>\n\t\t<\/p>\n\t<\/div>\n\n <!-- Strasse -->\n\t<p><label> Strasse & Nr. *<br \/>\n<span class=\"wpcf7-form-control-wrap\" data-name=\"strasse_nr\"><input size=\"40\" maxlength=\"400\" class=\"wpcf7-form-control wpcf7-text wpcf7-validates-as-required\" aria-required=\"true\" aria-invalid=\"false\" placeholder=\"\" value=\"\" type=\"text\" name=\"strasse_nr\" \/><\/span><br \/>\n<\/label>\n\t<\/p>\n\n <!-- PLZ + Ort -->\n\t<div class=\"two-col\">\n\t\t<p><label> PLZ *<br \/>\n<span class=\"wpcf7-form-control-wrap\" data-name=\"plz\"><input class=\"wpcf7-form-control wpcf7-number wpcf7-validates-as-required wpcf7-validates-as-number\" min=\"1000\" max=\"9999\" aria-required=\"true\" aria-invalid=\"false\" placeholder=\"\" value=\"\" type=\"number\" name=\"plz\" \/><\/span><br \/>\n<\/label><br \/>\n<label> Ort *<br \/>\n<span class=\"wpcf7-form-control-wrap\" data-name=\"ort\"><input size=\"40\" maxlength=\"400\" class=\"wpcf7-form-control wpcf7-text wpcf7-validates-as-required\" aria-required=\"true\" aria-invalid=\"false\" placeholder=\"\" value=\"\" type=\"text\" name=\"ort\" \/><\/span><br \/>\n<\/label>\n\t\t<\/p>\n\t<\/div>\n\n <!-- URL -->\n\t<p><label> Ihre URL<br \/>\n<span class=\"wpcf7-form-control-wrap\" data-name=\"url\"><input size=\"40\" maxlength=\"400\" class=\"wpcf7-form-control wpcf7-url wpcf7-text wpcf7-validates-as-url\" aria-invalid=\"false\" placeholder=\"https:\/\/\u2026\" value=\"\" type=\"url\" name=\"url\" \/><\/span><br \/>\n<\/label>\n\t<\/p>\n\n <!-- E-Mail -->\n\t<p><label> E-Mail *<br \/>\n<span class=\"wpcf7-form-control-wrap\" data-name=\"email\"><input size=\"40\" maxlength=\"400\" class=\"wpcf7-form-control wpcf7-email wpcf7-validates-as-required wpcf7-text wpcf7-validates-as-email\" aria-required=\"true\" aria-invalid=\"false\" placeholder=\"name@domain.ch\" value=\"\" type=\"email\" name=\"email\" \/><\/span><br \/>\n<\/label>\n\t<\/p>\n\n <!-- Kategorie -->\n\t<p><label> Kategorie<br \/>\n<span class=\"wpcf7-form-control-wrap\" data-name=\"kategorie\"><select class=\"wpcf7-form-control wpcf7-select\" aria-invalid=\"false\" name=\"kategorie\"><option value=\"\">&#8211; Bitte ausw\u00e4hlen &#8211;<\/option><option value=\"Ger\u00e4te vor 1945\">Ger\u00e4te vor 1945<\/option><option value=\"Ger\u00e4te nach 1945\">Ger\u00e4te nach 1945<\/option><option value=\"Empf\u00e4nger\">Empf\u00e4nger<\/option><option value=\"Hifi Verst\u00e4rker\">Hifi Verst\u00e4rker<\/option><option value=\"Sender\">Sender<\/option><option value=\"R\u00f6hren\">R\u00f6hren<\/option><option value=\"diverses\">diverses<\/option><\/select><\/span><br \/>\n<\/label>\n\t<\/p>\n\n <!-- Spezialgebiet -->\n\t<p><label> Was ist Ihr Spezialgebiet?<br \/>\n<span class=\"wpcf7-form-control-wrap\" data-name=\"spezialgebiet\"><textarea cols=\"40\" rows=\"10\" maxlength=\"2000\" class=\"wpcf7-form-control wpcf7-textarea\" aria-invalid=\"false\" placeholder=\"Kurz beschreiben\u2026\" name=\"spezialgebiet\"><\/textarea><\/span><br \/>\n<\/label>\n\t<\/p>\n\n <!-- Optionen -->\n\t<p><strong>Optionen<\/strong>\n\t<\/p>\n\t<div class=\"cf7-options\">\n\t\t<p><span class=\"wpcf7-form-control-wrap\" data-name=\"kontakt-verlauf\"><span class=\"wpcf7-form-control wpcf7-checkbox\"><span class=\"wpcf7-list-item first\"><label><input type=\"checkbox\" name=\"kontakt-verlauf[]\" value=\"Bitte rufen Sie mich an\" \/><span class=\"wpcf7-list-item-label\">Bitte rufen Sie mich an<\/span><\/label><\/span><span class=\"wpcf7-list-item last\"><label><input type=\"checkbox\" name=\"kontakt-verlauf[]\" value=\"Haben Sie schon pers\u00f6nlichen Kontakt mit unserem Club gehabt?\" \/><span class=\"wpcf7-list-item-label\">Haben Sie schon pers\u00f6nlichen Kontakt mit unserem Club gehabt?<\/span><\/label><\/span><\/span><\/span>\n\t\t<\/p>\n\t<\/div>\n\t<p><input class=\"wpcf7-form-control wpcf7-submit has-spinner\" type=\"submit\" value=\"Senden\" \/>\n\t<\/p>\n<\/div><p style=\"display: none !important;\" class=\"akismet-fields-container\" data-prefix=\"_wpcf7_ak_\"><label>&#916;<textarea name=\"_wpcf7_ak_hp_textarea\" cols=\"45\" rows=\"8\" maxlength=\"100\"><\/textarea><\/label><input type=\"hidden\" id=\"ak_js_1\" name=\"_wpcf7_ak_js\" value=\"111\"\/><script>document.getElementById( \"ak_js_1\" ).setAttribute( \"value\", ( new Date() ).getTime() );<\/script><\/p><div class=\"wpcf7-response-output\" aria-hidden=\"true\"><\/div>\n<\/form>\n<\/div>\n<\/div>\n\t\t\t\t\t\t<\/div>\n\t\t\t\t<\/div>\n\t\t<div class=\"elementor-element elementor-element-6c9c51c e-con-full e-flex e-con e-child\" data-id=\"6c9c51c\" data-element_type=\"container\">\n\t\t\t\t<div class=\"elementor-element elementor-element-3638ceb elementor-widget elementor-widget-text-editor\" data-id=\"3638ceb\" data-element_type=\"widget\" data-widget_type=\"text-editor.default\">\n\t\t\t\t\t\t\t\t\t<p>Wir freuen uns auf Ihre Anmeldung, direkt an<br \/><br \/>Ernst H\u00e4rri (Pr\u00e4sident)<br \/>Tel: \u00a0 \u00a0 \u00a0 <a href=\"tel:0041447261558\">+41 (0) 44 726 15 58<\/a><br \/>Natel: \u00a0 <a href=\"tel:0041793134141\">+41 (0) 79 313 41 41<\/a><br \/>E-Mail:\u00a0 <a href=\"mailto:oldradio.haerri@bluewin.ch\">oldradio.haerri@bluewin.ch<\/a><\/p>\t\t\t\t\t\t\t\t<\/div>\n\t\t\t\t<\/div>\n\t\t\t\t<\/div>\n\t\t\t\t\t<\/div>\n\t\t\t\t<\/div>\n\t\t\t\t<div class=\"elementor-element elementor-element-a9b5120 elementor-widget elementor-widget-spacer\" data-id=\"a9b5120\" data-element_type=\"widget\" data-widget_type=\"spacer.default\">\n\t\t\t\t\t\t\t<div class=\"elementor-spacer\">\n\t\t\t<div class=\"elementor-spacer-inner\"><\/div>\n\t\t<\/div>\n\t\t\t\t\t\t<\/div>\n\t\t\t\t<\/div>\n\t\t\t\t<\/div>\n\t\t\t\t<\/div>\n\t\t","protected":false},"excerpt":{"rendered":"<p>Werden Sie Teil des CRGS Als Mitglied profitieren Sie von den folgenden Vorteilen: Kontakt und Austausch mit Gleichgesinnten (Junge, Mittel-\u00c4ltere und \u00c4ltere) Einladung zu Ausfl\u00fcgen und Veranstaltungen 4 x J\u00e4hrlich Fachzeitschrift HISTEC-Journal Vermittlung von Sammelgut, Ersatzteilen, Schemas, Sonderdrucke (Reprints) und Fachliteratur Reparaturdienste und technische Unterst\u00fctzung (Junge, Mittel-\u00c4ltere und \u00c4ltere) Jahres Mitgliederbeitrag: CHF 50.00 Wir freuen&hellip;&nbsp;<a href=\"https:\/\/www.crgs.ch\/cms\/mitglied-werden\/\" rel=\"bookmark\"><span class=\"screen-reader-text\">Mitglied Werden<\/span><\/a><\/p>\n","protected":false},"author":1,"featured_media":0,"parent":0,"menu_order":0,"comment_status":"closed","ping_status":"closed","template":"page-templates\/template-pagebuilder-full-width.php","meta":{"neve_meta_sidebar":"","neve_meta_container":"","neve_meta_enable_content_width":"","neve_meta_content_width":0,"neve_meta_title_alignment":"","neve_meta_author_avatar":"","neve_post_elements_order":"","neve_meta_disable_header":"","neve_meta_disable_footer":"","neve_meta_disable_title":"","footnotes":""},"class_list":["post-41","page","type-page","status-publish","hentry"],"_links":{"self":[{"href":"https:\/\/www.crgs.ch\/cms\/wp-json\/wp\/v2\/pages\/41","targetHints":{"allow":["GET"]}}],"collection":[{"href":"https:\/\/www.crgs.ch\/cms\/wp-json\/wp\/v2\/pages"}],"about":[{"href":"https:\/\/www.crgs.ch\/cms\/wp-json\/wp\/v2\/types\/page"}],"author":[{"embeddable":true,"href":"https:\/\/www.crgs.ch\/cms\/wp-json\/wp\/v2\/users\/1"}],"replies":[{"embeddable":true,"href":"https:\/\/www.crgs.ch\/cms\/wp-json\/wp\/v2\/comments?post=41"}],"version-history":[{"count":7,"href":"https:\/\/www.crgs.ch\/cms\/wp-json\/wp\/v2\/pages\/41\/revisions"}],"predecessor-version":[{"id":50,"href":"https:\/\/www.crgs.ch\/cms\/wp-json\/wp\/v2\/pages\/41\/revisions\/50"}],"wp:attachment":[{"href":"https:\/\/www.crgs.ch\/cms\/wp-json\/wp\/v2\/media?parent=41"}],"curies":[{"name":"wp","href":"https:\/\/api.w.org\/{rel}","templated":true}]}}