{"id":51,"date":"2025-09-08T11:17:03","date_gmt":"2025-09-08T09:17:03","guid":{"rendered":"https:\/\/www.crgs.ch\/cms\/?page_id=51"},"modified":"2025-09-09T11:28:26","modified_gmt":"2025-09-09T09:28:26","slug":"kontakt","status":"publish","type":"page","link":"https:\/\/www.crgs.ch\/cms\/kontakt\/","title":{"rendered":"Kontakt"},"content":{"rendered":"\t\t<div data-elementor-type=\"wp-page\" data-elementor-id=\"51\" class=\"elementor elementor-51\">\n\t\t\t\t<div class=\"elementor-element elementor-element-7e2bf8c e-con-full e-flex e-con e-parent\" data-id=\"7e2bf8c\" data-element_type=\"container\">\n\t\t<div class=\"elementor-element elementor-element-26de5a8 e-con-full e-flex e-con e-child\" data-id=\"26de5a8\" data-element_type=\"container\">\n\t\t\t\t<div class=\"elementor-element elementor-element-593d590 elementor-widget elementor-widget-shortcode\" data-id=\"593d590\" data-element_type=\"widget\" data-widget_type=\"shortcode.default\">\n\t\t\t\t\t\t\t<div class=\"elementor-shortcode\">  <\/div>\n\t\t\t\t\t\t<\/div>\n\t\t\t\t<div class=\"elementor-element elementor-element-bb4e0f5 elementor-widget elementor-widget-spacer\" data-id=\"bb4e0f5\" data-element_type=\"widget\" data-widget_type=\"spacer.default\">\n\t\t\t\t\t\t\t<div class=\"elementor-spacer\">\n\t\t\t<div class=\"elementor-spacer-inner\"><\/div>\n\t\t<\/div>\n\t\t\t\t\t\t<\/div>\n\t\t<div class=\"elementor-element elementor-element-6357ca9 e-flex e-con-boxed e-con e-child\" data-id=\"6357ca9\" data-element_type=\"container\">\n\t\t\t\t\t<div class=\"e-con-inner\">\n\t\t\t\t<div class=\"elementor-element elementor-element-6e09a87 elementor-widget elementor-widget-heading\" data-id=\"6e09a87\" data-element_type=\"widget\" data-widget_type=\"heading.default\">\n\t\t\t\t\t<h2 class=\"elementor-heading-title elementor-size-default\">Wir freuen uns von Ihnen zu h\u00f6ren<\/h2>\t\t\t\t<\/div>\n\t\t\t\t\t<\/div>\n\t\t\t\t<\/div>\n\t\t<div class=\"elementor-element elementor-element-f30af79 e-flex e-con-boxed e-con e-child\" data-id=\"f30af79\" data-element_type=\"container\">\n\t\t\t\t\t<div class=\"e-con-inner\">\n\t\t<div class=\"elementor-element elementor-element-bcb804c e-con-full e-flex e-con e-child\" data-id=\"bcb804c\" data-element_type=\"container\">\n\t\t\t\t<div class=\"elementor-element elementor-element-552f780 elementor-widget elementor-widget-text-editor\" data-id=\"552f780\" data-element_type=\"widget\" data-widget_type=\"text-editor.default\">\n\t\t\t\t\t\t\t\t\t<div class=\"flex_column av_two_fifth flex_column_div av-zero-column-padding first avia-builder-el-3 el_after_av_one_full el_before_av_three_fifth column-top-margin\"><div class=\"av-special-heading av-special-heading-h3 blockquote modern-quote avia-builder-el-4 el_before_av_textblock avia-builder-el-first \"><h3 class=\"av-special-heading-tag \">Ernst H\u00e4rri, Pr\u00e4sident<\/h3><\/div><section class=\"av_textblock_section \"><div class=\"avia_textblock \"><p>Tel: \u00a0 \u00a0 \u00a0 <a href=\"tel:0041447261558\">+41 (0) 44 726 15 58<\/a><br \/>Tel: \u00a0 \u00a0 \u00a0 <a href=\"tel:0041793134141\">+41 (0) 79 313 41 41<\/a><br \/>E-Mail: <a href=\"https:\/\/web.archive.org\/web\/20240530184133\/mailto:oldradio.haerri@bluewin.ch\">oldradio.haerri@bluewin.ch<\/a><\/p><\/div><\/section><\/div>\t\t\t\t\t\t\t\t<\/div>\n\t\t\t\t<\/div>\n\t\t<div class=\"elementor-element elementor-element-2771cc5 e-con-full e-flex e-con e-child\" data-id=\"2771cc5\" data-element_type=\"container\">\n\t\t\t\t<div class=\"elementor-element elementor-element-0bfcc43 elementor-widget elementor-widget-text-editor\" data-id=\"0bfcc43\" data-element_type=\"widget\" data-widget_type=\"text-editor.default\">\n\t\t\t\t\t\t\t\t\t<div class=\"flex_column av_three_fifth flex_column_div av-zero-column-padding avia-builder-el-6 el_after_av_two_fifth el_before_av_three_fifth column-top-margin\"><div class=\"av-special-heading av-special-heading-h3 blockquote modern-quote avia-builder-el-7 el_before_av_textblock avia-builder-el-first \"><h3 class=\"av-special-heading-tag \">Stefan K\u00e4lin, Vize-Pr\u00e4sident<\/h3><\/div><section class=\"av_textblock_section \"><div class=\"avia_textblock \"><p>Tel: \u00a0 \u00a0 \u00a0 <a href=\"tel:0041554122847\">+41 (0) 55 412 28 47<\/a><\/p><p>E-Mail: <a href=\"https:\/\/web.archive.org\/web\/20240530184133\/mailto:radio.stefan@bluewin.ch\">radio.stefan@bluewin.ch<\/a><\/p><\/div><\/section><\/div>\t\t\t\t\t\t\t\t<\/div>\n\t\t\t\t<\/div>\n\t\t\t\t\t<\/div>\n\t\t\t\t<\/div>\n\t\t<div class=\"elementor-element elementor-element-1686d1c e-flex e-con-boxed e-con e-child\" data-id=\"1686d1c\" data-element_type=\"container\">\n\t\t\t\t\t<div class=\"e-con-inner\">\n\t\t<div class=\"elementor-element elementor-element-b80a3a8 e-con-full e-flex e-con e-child\" data-id=\"b80a3a8\" data-element_type=\"container\">\n\t\t\t\t<div class=\"elementor-element elementor-element-fc6f1a9 elementor-widget elementor-widget-text-editor\" data-id=\"fc6f1a9\" data-element_type=\"widget\" data-widget_type=\"text-editor.default\">\n\t\t\t\t\t\t\t\t\t<div class=\"flex_column av_three_fifth flex_column_div av-zero-column-padding first avia-builder-el-9 el_after_av_three_fifth el_before_av_hr \"><div class=\"av-special-heading av-special-heading-h3 custom-color-heading blockquote modern-quote avia-builder-el-10 el_before_av_textblock avia-builder-el-first \"><h3 class=\"av-special-heading-tag \">Peter Stalder, Webmaster<\/h3><\/div><section class=\"av_textblock_section \"><div class=\"avia_textblock \"><p>Tel: \u00a0 \u00a0 \u00a0 <a href=\"http:\/\/0041434778483\" data-wplink-url-error=\"true\">+41 (0) 43 477 84 83<\/a><\/p><p>E-Mail: <a href=\"https:\/\/web.archive.org\/web\/20240530184133\/mailto:info@soundservicecenter.ch\">info@soundservicecenter.ch<\/a><\/p><\/div><\/section><\/div>\t\t\t\t\t\t\t\t<\/div>\n\t\t\t\t<\/div>\n\t\t<div class=\"elementor-element elementor-element-3dda17f e-con-full e-flex e-con e-child\" data-id=\"3dda17f\" data-element_type=\"container\">\n\t\t\t\t<\/div>\n\t\t\t\t\t<\/div>\n\t\t\t\t<\/div>\n\t\t<div class=\"elementor-element elementor-element-9b59f1d e-flex e-con-boxed e-con e-child\" data-id=\"9b59f1d\" data-element_type=\"container\">\n\t\t\t\t\t<div class=\"e-con-inner\">\n\t\t\t\t<div class=\"elementor-element elementor-element-426fb82 elementor-widget elementor-widget-heading\" data-id=\"426fb82\" data-element_type=\"widget\" data-widget_type=\"heading.default\">\n\t\t\t\t\t<h2 class=\"elementor-heading-title elementor-size-default\">Links<\/h2>\t\t\t\t<\/div>\n\t\t<div class=\"elementor-element elementor-element-e22c075 e-con-full e-flex e-con e-child\" data-id=\"e22c075\" data-element_type=\"container\">\n\t\t<div class=\"elementor-element elementor-element-dd65f0b e-con-full e-flex e-con e-child\" data-id=\"dd65f0b\" data-element_type=\"container\">\n\t\t\t\t<div class=\"elementor-element elementor-element-a191c6c elementor-widget elementor-widget-heading\" data-id=\"a191c6c\" data-element_type=\"widget\" data-widget_type=\"heading.default\">\n\t\t\t\t\t<h4 class=\"elementor-heading-title elementor-size-default\">Private Seiten<\/h4>\t\t\t\t<\/div>\n\t\t\t\t<div class=\"elementor-element elementor-element-d43e6fb elementor-widget elementor-widget-text-editor\" data-id=\"d43e6fb\" data-element_type=\"widget\" data-widget_type=\"text-editor.default\">\n\t\t\t\t\t\t\t\t\t<h6 class=\"wpb_wrapper\"><a href=\"https:\/\/www.oldradio.de\/\" target=\"_blank\" rel=\"noopener\">Udo`s Old Radio Homepage<\/a><br \/><a href=\"https:\/\/www.oldradioworld.de\/\" target=\"_blank\" rel=\"noopener\">Wumpus`s Old Radio World<\/a><br \/><a href=\"https:\/\/www.jogis-roehrenbude.de\/\" target=\"_blank\" rel=\"noopener\">Jogi\u2019s R\u00f6hren Bude<\/a><br \/><a href=\"https:\/\/www.biennophone.ch\/\" target=\"_blank\" rel=\"noopener\">Homepage von Markus Meier<\/a><br \/><a href=\"https:\/\/www.soundservicecenter.ch\/\" target=\"_blank\" rel=\"noopener\">SoundServiceCenter GmbH<\/a><\/h6>\t\t\t\t\t\t\t\t<\/div>\n\t\t\t\t<\/div>\n\t\t<div class=\"elementor-element elementor-element-3a720f7 e-con-full e-flex e-con e-child\" data-id=\"3a720f7\" data-element_type=\"container\">\n\t\t\t\t<div class=\"elementor-element elementor-element-fb2f28b elementor-widget elementor-widget-heading\" data-id=\"fb2f28b\" data-element_type=\"widget\" data-widget_type=\"heading.default\">\n\t\t\t\t\t<h4 class=\"elementor-heading-title elementor-size-default\">Andere Clubs und Vereine<\/h4>\t\t\t\t<\/div>\n\t\t\t\t<div class=\"elementor-element elementor-element-960bcdf elementor-widget elementor-widget-text-editor\" data-id=\"960bcdf\" data-element_type=\"widget\" data-widget_type=\"text-editor.default\">\n\t\t\t\t\t\t\t\t\t<section class=\"av_textblock_section \"><div class=\"avia_textblock \"><div class=\"vc_row wpb_row vc_inner vc_row-fluid\"><div class=\"wpb_column vc_column_container vc_col-sm-6 vc_col-has-fill\"><div class=\"vc_column-inner vc_custom_1466683447525\"><div class=\"wpb_wrapper\"><div class=\"wpb_text_column wpb_content_element \"><div class=\"wpb_wrapper\"><p><a href=\"http:\/\/www.antiqueradio.com\/\" target=\"_blank\" rel=\"noopener\">Antique Radio Classified<\/a><br \/><a href=\"https:\/\/www.radiomuseum.org\/\" target=\"_blank\" rel=\"noopener\">Das Radiomuseum<\/a><br \/><a href=\"https:\/\/www.enter.ch\/\" target=\"_blank\" rel=\"noopener\">F\u00f6rderverein Museum ENTER<\/a><br \/><a href=\"https:\/\/www.gfgf.org\/\" target=\"_blank\" rel=\"noopener\">GFGF e.V.<\/a><br \/><a href=\"http:\/\/www.hamradio.de\/\" target=\"_blank\" rel=\"noopener\">Treffpunkt Amateurfunk<\/a><br \/><a href=\"https:\/\/www.radiomuseum-rottenburg.de\/\" target=\"_blank\" rel=\"noopener\">Radiomuseum Rottenburg Laaber<\/a><br \/><a href=\"https:\/\/radio-museum.de\/\" target=\"_blank\" rel=\"noopener\">Radio-Museum Linsengericht<\/a><br \/><a href=\"https:\/\/www.radiomuseumdorf.ch\/\" target=\"_blank\" rel=\"noopener\">Radiomuseum Dorf<\/a><br \/><a href=\"https:\/\/www.crgs.ch\/links\/kuthalmann@bluewin.ch\" target=\"_blank\" rel=\"noopener\">Radio-Scheune\u00a0(permanenter Flohmarkt)<\/a><\/p><\/div><\/div><\/div><\/div><\/div><\/div><\/div><\/section>\t\t\t\t\t\t\t\t<\/div>\n\t\t\t\t<\/div>\n\t\t\t\t<\/div>\n\t\t<div class=\"elementor-element elementor-element-21ffa54 e-con-full e-flex e-con e-child\" data-id=\"21ffa54\" data-element_type=\"container\">\n\t\t\t\t<div class=\"elementor-element elementor-element-5de5340 elementor-widget elementor-widget-image\" data-id=\"5de5340\" data-element_type=\"widget\" data-widget_type=\"image.default\">\n\t\t\t\t\t\t\t\t\t\t\t\t\t\t\t\t<a href=\"https:\/\/enter.ch\/\" target=\"_blank\">\n\t\t\t\t\t\t\t<img fetchpriority=\"high\" decoding=\"async\" width=\"1024\" height=\"210\" src=\"https:\/\/www.crgs.ch\/cms\/wp-content\/uploads\/2025\/09\/Banner_Enter-1024x210.jpg\" class=\"attachment-large size-large wp-image-53\" alt=\"\" srcset=\"https:\/\/www.crgs.ch\/cms\/wp-content\/uploads\/2025\/09\/Banner_Enter-1024x210.jpg 1024w, https:\/\/www.crgs.ch\/cms\/wp-content\/uploads\/2025\/09\/Banner_Enter-300x62.jpg 300w, https:\/\/www.crgs.ch\/cms\/wp-content\/uploads\/2025\/09\/Banner_Enter-768x158.jpg 768w, https:\/\/www.crgs.ch\/cms\/wp-content\/uploads\/2025\/09\/Banner_Enter-1536x315.jpg 1536w, https:\/\/www.crgs.ch\/cms\/wp-content\/uploads\/2025\/09\/Banner_Enter.jpg 1950w\" sizes=\"(max-width: 1024px) 100vw, 1024px\" \/>\t\t\t\t\t\t\t\t<\/a>\n\t\t\t\t\t\t\t\t\t\t\t\t\t\t\t<\/div>\n\t\t\t\t<\/div>\n\t\t\t\t\t<\/div>\n\t\t\t\t<\/div>\n\t\t\t\t<div class=\"elementor-element elementor-element-a9b5120 elementor-widget elementor-widget-spacer\" data-id=\"a9b5120\" data-element_type=\"widget\" data-widget_type=\"spacer.default\">\n\t\t\t\t\t\t\t<div class=\"elementor-spacer\">\n\t\t\t<div class=\"elementor-spacer-inner\"><\/div>\n\t\t<\/div>\n\t\t\t\t\t\t<\/div>\n\t\t\t\t<\/div>\n\t\t\t\t<\/div>\n\t\t\t\t<\/div>\n\t\t","protected":false},"excerpt":{"rendered":"<p>Wir freuen uns von Ihnen zu h\u00f6ren Ernst H\u00e4rri, Pr\u00e4sident Tel: \u00a0 \u00a0 \u00a0 +41 (0) 44 726 15 58Tel: \u00a0 \u00a0 \u00a0 +41 (0) 79 313 41 41E-Mail: oldradio.haerri@bluewin.ch Stefan K\u00e4lin, Vize-Pr\u00e4sident Tel: \u00a0 \u00a0 \u00a0 +41 (0) 55 412 28 47 E-Mail: radio.stefan@bluewin.ch Peter Stalder, Webmaster Tel: \u00a0 \u00a0 \u00a0 +41 (0) 43&hellip;&nbsp;<a href=\"https:\/\/www.crgs.ch\/cms\/kontakt\/\" rel=\"bookmark\"><span class=\"screen-reader-text\">Kontakt<\/span><\/a><\/p>\n","protected":false},"author":1,"featured_media":0,"parent":0,"menu_order":0,"comment_status":"closed","ping_status":"closed","template":"page-templates\/template-pagebuilder-full-width.php","meta":{"neve_meta_sidebar":"","neve_meta_container":"","neve_meta_enable_content_width":"","neve_meta_content_width":0,"neve_meta_title_alignment":"","neve_meta_author_avatar":"","neve_post_elements_order":"","neve_meta_disable_header":"","neve_meta_disable_footer":"","neve_meta_disable_title":"","footnotes":""},"class_list":["post-51","page","type-page","status-publish","hentry"],"_links":{"self":[{"href":"https:\/\/www.crgs.ch\/cms\/wp-json\/wp\/v2\/pages\/51","targetHints":{"allow":["GET"]}}],"collection":[{"href":"https:\/\/www.crgs.ch\/cms\/wp-json\/wp\/v2\/pages"}],"about":[{"href":"https:\/\/www.crgs.ch\/cms\/wp-json\/wp\/v2\/types\/page"}],"author":[{"embeddable":true,"href":"https:\/\/www.crgs.ch\/cms\/wp-json\/wp\/v2\/users\/1"}],"replies":[{"embeddable":true,"href":"https:\/\/www.crgs.ch\/cms\/wp-json\/wp\/v2\/comments?post=51"}],"version-history":[{"count":10,"href":"https:\/\/www.crgs.ch\/cms\/wp-json\/wp\/v2\/pages\/51\/revisions"}],"predecessor-version":[{"id":72,"href":"https:\/\/www.crgs.ch\/cms\/wp-json\/wp\/v2\/pages\/51\/revisions\/72"}],"wp:attachment":[{"href":"https:\/\/www.crgs.ch\/cms\/wp-json\/wp\/v2\/media?parent=51"}],"curies":[{"name":"wp","href":"https:\/\/api.w.org\/{rel}","templated":true}]}}